{"id":1310,"date":"2025-07-31T10:42:00","date_gmt":"2025-07-31T10:42:00","guid":{"rendered":"https:\/\/hortadelpilar.com\/?page_id=1310"},"modified":"2025-10-08T06:46:27","modified_gmt":"2025-10-08T06:46:27","slug":"aviso-legal","status":"publish","type":"page","link":"https:\/\/hortadelpilar.com\/es\/aviso-legal\/","title":{"rendered":"Nota legal"},"content":{"rendered":"\n<p><strong>En cumplimiento de la LSSI:<\/strong><\/p>\n\n<p>Ley 34\/2002, de 11 de julio, de Servicios de la Sociedad de la Informaci\u00f3n y de Comercio Electr\u00f3nico (LSSI). Usted, en adelante \u201cusuario\u201d, est\u00e1 navegando por el dominio www.sunrentbarcelona.com, propiedad de Jaume Soler Meseguer, en adelante \u201cTitular\u201d, con domicilio en Arenys de Munt, Barcelona. <\/p>\n\n<p>La utilizaci\u00f3n de la web por parte del usuario implica la aceptaci\u00f3n plena y sin reservas de todas y cada una de las disposiciones incluidas en este Aviso Legal.<br\/><strong><br\/>Condiciones de Uso:<\/strong><\/p>\n\n<p>1. El titular no se responsabiliza de la calidad de la navegaci\u00f3n ni de la velocidad de acceso. Todo usuario que acceda a este sitio web se compromete a hacerlo conforme a la ley, la moral y el orden p\u00fablico, en cuanto al acceso y la navegaci\u00f3n. <\/p>\n\n<p>2. Se proh\u00edbe la introducci\u00f3n de virus que puedan perjudicar a este sitio web en s\u00ed o a terceros. La navegaci\u00f3n realizada por el usuario estar\u00e1 bajo su responsabilidad. Del mismo modo, se proh\u00edbe el env\u00edo y\/o la transmisi\u00f3n de cualquier tipo de material violento, amenazador, difamatorio, obsceno, abusivo, ilegal, racial, xen\u00f3fobo, pornogr\u00e1fico o en cualquier modo ofensivo que constituya o fomente conductas que puedan ser contrarias a las leyes vigentes.  <\/p>\n\n<p>3. El titular ha tomado todas las precauciones para evitar la propagaci\u00f3n de virus inform\u00e1ticos. A\u00fan as\u00ed, se recomienda que el receptor de todo mensaje inform\u00e1tico realice sus propios controles. El titular no aceptar\u00e1 ninguna responsabilidad por da\u00f1os que se puedan sufrir por estos factores.  <\/p>\n\n<p>4. La responsabilidad del uso de la informaci\u00f3n contenida en este sitio web es del usuario. El titular no ser\u00e1 responsable de los da\u00f1os y perjuicios producidos o que puedan producirse, cualquiera que sea su naturaleza, que se deriven del uso de la informaci\u00f3n, de las materias contenidas en este sitio web y de los programas que incorpora. Los enlaces (links) e hipertexto que posibiliten, a trav\u00e9s de este sitio web, acceder al usuario a prestaciones y servicios ofrecidos por terceros, no pertenecen ni se encuentran bajo el control del titular.  <\/p>\n\n<p>5. El titular se compromete a no remitir comunicaciones publicitarias o promocionales por correo electr\u00f3nico u otro medio de comunicaci\u00f3n electr\u00f3nica equivalente sin identificarlas como comunicaci\u00f3n comercial y sin que previamente no hubieran sido solicitadas o expresamente autorizadas por los destinatarios de las mismas. A estos efectos, no ser\u00e1 considerada como comunicaci\u00f3n comercial toda la informaci\u00f3n que se env\u00ede a los clientes del titular siempre que tenga por finalidad el mantenimiento de la relaci\u00f3n contractual existente, as\u00ed como el desempe\u00f1o de las tareas de informaci\u00f3n, formaci\u00f3n y otras actividades propias del servicio que el cliente tiene contratado con la empresa. <\/p>\n\n<p>6. El titular podr\u00e1 modificar, sin previo aviso, la informaci\u00f3n contenida en este sitio web, as\u00ed como su configuraci\u00f3n y presentaci\u00f3n.<br\/><strong><br\/>Cookies:<\/strong><\/p>\n\n<p>El titular declara expresamente que en ning\u00fan caso se utilizan cookies para recabar datos personales identificativos del usuario. El uso de cookies se reserva exclusivamente para facilitar al usuario accesibilidad al sitio web (preferencias y pautas de navegaci\u00f3n del usuario). El uso de cookies de sesi\u00f3n, en su caso, \u00fanicamente se limitar\u00e1 a recoger informaci\u00f3n t\u00e9cnica para identificar la sesi\u00f3n con la finalidad de facilitar la exploraci\u00f3n segura y eficiente del sitio web.  <br\/><strong><br\/>Propiedad intelectual:<\/strong><\/p>\n\n<p>El titular no permite, ni total ni parcialmente, la reproducci\u00f3n, publicaci\u00f3n, divulgaci\u00f3n, tratamiento inform\u00e1tico, distribuci\u00f3n, difusi\u00f3n, modificaci\u00f3n, uso comercial, transformaci\u00f3n o des compilaci\u00f3n en cualquier soporte o formato, de ninguno de los elementos de este sitio web sin su permiso previo y por escrito. El usuario, \u00fanica y exclusivamente, puede utilizar el material que aparezca en este sitio web para su uso personal y privado, quedando prohibido su uso con cualquier otro fin y bajo la aplicaci\u00f3n de las condiciones de uso descritas en este aviso legal. <\/p>\n\n<p>Los nombres comerciales, marcas, logotipos o signos distintivos de cualquier naturaleza que aparezcan en este sitio web est\u00e1n protegidos por los derechos de propiedad intelectual e industrial de sus titulares.<br\/><strong><br\/>Cl\u00e1usula en materia de Protecci\u00f3n de Datos y Seguridad Inform\u00e1tica:<\/strong><\/p>\n\n<p>Los datos de car\u00e1cter personal que Vd. facilita al titular a trav\u00e9s de www.sunrentbarcelona.com se tratar\u00e1n en ficheros propiedad del titular, inform\u00e1ndole en cada caso de la finalidad de la recogida de datos de car\u00e1cter personal. El titular le informa de que podr\u00e1 ejercer sus derechos de acceso, rectificaci\u00f3n, cancelaci\u00f3n y oposici\u00f3n, conferidos por la normativa vigente en la materia, remitiendo un escrito a la siguiente direcci\u00f3n: Rial Pascual n27 bajos 5a, Arenys de munt 08358 Barcelona, o enviando un correo electr\u00f3nico a info@sunrentbarcelona.com  <\/p>\n\n<p>Por lo que se refiere a la seguridad en el tratamiento de sus datos personales, estos ser\u00e1n tratados con total confidencialidad por el titular. Las medidas de seguridad adoptadas son las adecuadas a los datos que el usuario le facilita, de conformidad con lo previsto en el art\u00edculo 9 de la Ley Org\u00e1nica 15\/1999, de 13 de diciembre, de Protecci\u00f3n de Datos de car\u00e1cter personal. Concretamente, se han adoptado las medidas de seguridad correspondientes al nivel b\u00e1sico de seguridad conforme al T\u00edtulo VIII del Decreto 1720\/2007, de 21 de diciembre, por el que se aprueba el Reglamento de desarrollo de la LOPD.  <br\/><strong><br\/>Ley aplicable y jurisdicci\u00f3n:<\/strong><\/p>\n\n<p>La ley aplicable a las presentes Condiciones Generales ser\u00e1 la Ley Espa\u00f1ola. Asimismo, para cualquier divergencia surgida, ambas partes se someten expresamente a los Juzgados y Tribunales de la ciudad de Barcelona, con renuncia a su propio fuero si este fuese otro. <\/p>\n\n<p>Rial de la Serp, s\/n &#8211; Apart. Correos 78 &#8211; 08350 Arenys de Mar (Bcn) \u00b7 <a href=\"tel:+34648003152\">+34 648 00 31 52<\/a> \u00b7 <a href=\"mailto:info@sunrentbarcelona.com\">info@sunrentbarcelona.com<\/a> \u00b7 <a href=\"http:\/\/www.sunrentbarcelona.com\/paginas\" target=\"_blank\" rel=\"noreferrer noopener\">P\u00e1ginas<\/a> \u00b7 <a href=\"http:\/\/www.sunrentbarcelona.com\/aviso-legal\" target=\"_blank\" rel=\"noreferrer noopener\">Aviso Legal<\/a> \u00b7 <a href=\"http:\/\/www.sunrentbarcelona.com\/politica-de-cookies\" target=\"_blank\" rel=\"noreferrer noopener\">Cookies<\/a> \u00b7 <a href=\"https:\/\/www.asnetmarketing.es\/diseno-web\" target=\"_blank\" rel=\"noreferrer noopener\">Design by Asnet Marketing<\/a> <\/p>\n","protected":false},"excerpt":{"rendered":"<p>En cumplimiento de la LSSI: Ley 34\/2002, de 11 de julio, de Servicios de la Sociedad de la Informaci\u00f3n y de Comercio Electr\u00f3nico (LSSI). Usted, en adelante \u201cusuario\u201d, est\u00e1 navegando por el dominio www.sunrentbarcelona.com, propiedad de Jaume Soler Meseguer, en adelante \u201cTitular\u201d, con domicilio en Arenys de Munt, Barcelona. La utilizaci\u00f3n de la web por [&hellip;]<\/p>\n","protected":false},"author":2,"featured_media":0,"parent":0,"menu_order":0,"comment_status":"closed","ping_status":"closed","template":"","meta":{"footnotes":""},"class_list":["post-1310","page","type-page","status-publish","hentry"],"yoast_head":"<!-- This site is optimized with the Yoast SEO plugin v27.3 - https:\/\/yoast.com\/product\/yoast-seo-wordpress\/ -->\n<title>Nota legal - Horta del Pilar<\/title>\n<meta name=\"robots\" content=\"index, follow, max-snippet:-1, max-image-preview:large, max-video-preview:-1\" \/>\n<link rel=\"canonical\" href=\"https:\/\/hortadelpilar.com\/es\/aviso-legal\/\" \/>\n<meta property=\"og:locale\" content=\"es_ES\" \/>\n<meta property=\"og:type\" content=\"article\" \/>\n<meta property=\"og:title\" content=\"Nota legal - Horta del Pilar\" \/>\n<meta property=\"og:description\" content=\"En cumplimiento de la LSSI: Ley 34\/2002, de 11 de julio, de Servicios de la Sociedad de la Informaci\u00f3n y de Comercio Electr\u00f3nico (LSSI). Usted, en adelante \u201cusuario\u201d, est\u00e1 navegando por el dominio www.sunrentbarcelona.com, propiedad de Jaume Soler Meseguer, en adelante \u201cTitular\u201d, con domicilio en Arenys de Munt, Barcelona. La utilizaci\u00f3n de la web por [&hellip;]\" \/>\n<meta property=\"og:url\" content=\"https:\/\/hortadelpilar.com\/es\/aviso-legal\/\" \/>\n<meta property=\"og:site_name\" content=\"Horta del Pilar\" \/>\n<meta property=\"article:modified_time\" content=\"2025-10-08T06:46:27+00:00\" \/>\n<meta property=\"og:image\" content=\"https:\/\/hortadelpilar.com\/wp-content\/uploads\/2025\/11\/1-scaled-e1762367888345.jpg\" \/>\n\t<meta property=\"og:image:width\" content=\"2556\" \/>\n\t<meta property=\"og:image:height\" content=\"1408\" \/>\n\t<meta property=\"og:image:type\" content=\"image\/jpeg\" \/>\n<meta name=\"twitter:card\" content=\"summary_large_image\" \/>\n<meta name=\"twitter:label1\" content=\"Tiempo de lectura\" \/>\n\t<meta name=\"twitter:data1\" content=\"5 minutos\" \/>\n<script type=\"application\/ld+json\" class=\"yoast-schema-graph\">{\"@context\":\"https:\\\/\\\/schema.org\",\"@graph\":[{\"@type\":\"WebPage\",\"@id\":\"https:\\\/\\\/hortadelpilar.com\\\/es\\\/aviso-legal\\\/\",\"url\":\"https:\\\/\\\/hortadelpilar.com\\\/es\\\/aviso-legal\\\/\",\"name\":\"Nota legal - Horta del Pilar\",\"isPartOf\":{\"@id\":\"https:\\\/\\\/hortadelpilar.com\\\/#website\"},\"datePublished\":\"2025-07-31T10:42:00+00:00\",\"dateModified\":\"2025-10-08T06:46:27+00:00\",\"breadcrumb\":{\"@id\":\"https:\\\/\\\/hortadelpilar.com\\\/es\\\/aviso-legal\\\/#breadcrumb\"},\"inLanguage\":\"es\",\"potentialAction\":[{\"@type\":\"ReadAction\",\"target\":[\"https:\\\/\\\/hortadelpilar.com\\\/es\\\/aviso-legal\\\/\"]}]},{\"@type\":\"BreadcrumbList\",\"@id\":\"https:\\\/\\\/hortadelpilar.com\\\/es\\\/aviso-legal\\\/#breadcrumb\",\"itemListElement\":[{\"@type\":\"ListItem\",\"position\":1,\"name\":\"Home\",\"item\":\"https:\\\/\\\/hortadelpilar.com\\\/es\\\/inicio\\\/\"},{\"@type\":\"ListItem\",\"position\":2,\"name\":\"Nota legal\"}]},{\"@type\":\"WebSite\",\"@id\":\"https:\\\/\\\/hortadelpilar.com\\\/#website\",\"url\":\"https:\\\/\\\/hortadelpilar.com\\\/\",\"name\":\"Villa Horta del Pilar\",\"description\":\"Villa de ensue\u00f1o para grupos grandes en la costa de Barcelona.\",\"publisher\":{\"@id\":\"https:\\\/\\\/hortadelpilar.com\\\/#organization\"},\"potentialAction\":[{\"@type\":\"SearchAction\",\"target\":{\"@type\":\"EntryPoint\",\"urlTemplate\":\"https:\\\/\\\/hortadelpilar.com\\\/?s={search_term_string}\"},\"query-input\":{\"@type\":\"PropertyValueSpecification\",\"valueRequired\":true,\"valueName\":\"search_term_string\"}}],\"inLanguage\":\"es\"},{\"@type\":\"Organization\",\"@id\":\"https:\\\/\\\/hortadelpilar.com\\\/#organization\",\"name\":\"Horta del Pilar\",\"alternateName\":\"Villa de ensue\u00f1o para grupos grandes en la costa de Barcelona.\",\"url\":\"https:\\\/\\\/hortadelpilar.com\\\/\",\"logo\":{\"@type\":\"ImageObject\",\"inLanguage\":\"es\",\"@id\":\"https:\\\/\\\/hortadelpilar.com\\\/#\\\/schema\\\/logo\\\/image\\\/\",\"url\":\"https:\\\/\\\/hortadelpilar.com\\\/wp-content\\\/uploads\\\/2025\\\/02\\\/HdP_logo_ok.svg\",\"contentUrl\":\"https:\\\/\\\/hortadelpilar.com\\\/wp-content\\\/uploads\\\/2025\\\/02\\\/HdP_logo_ok.svg\",\"caption\":\"Horta del Pilar\"},\"image\":{\"@id\":\"https:\\\/\\\/hortadelpilar.com\\\/#\\\/schema\\\/logo\\\/image\\\/\"}}]}<\/script>\n<!-- \/ Yoast SEO plugin. -->","yoast_head_json":{"title":"Nota legal - Horta del Pilar","robots":{"index":"index","follow":"follow","max-snippet":"max-snippet:-1","max-image-preview":"max-image-preview:large","max-video-preview":"max-video-preview:-1"},"canonical":"https:\/\/hortadelpilar.com\/es\/aviso-legal\/","og_locale":"es_ES","og_type":"article","og_title":"Nota legal - Horta del Pilar","og_description":"En cumplimiento de la LSSI: Ley 34\/2002, de 11 de julio, de Servicios de la Sociedad de la Informaci\u00f3n y de Comercio Electr\u00f3nico (LSSI). Usted, en adelante \u201cusuario\u201d, est\u00e1 navegando por el dominio www.sunrentbarcelona.com, propiedad de Jaume Soler Meseguer, en adelante \u201cTitular\u201d, con domicilio en Arenys de Munt, Barcelona. La utilizaci\u00f3n de la web por [&hellip;]","og_url":"https:\/\/hortadelpilar.com\/es\/aviso-legal\/","og_site_name":"Horta del Pilar","article_modified_time":"2025-10-08T06:46:27+00:00","og_image":[{"width":2556,"height":1408,"url":"https:\/\/hortadelpilar.com\/wp-content\/uploads\/2025\/11\/1-scaled-e1762367888345.jpg","type":"image\/jpeg"}],"twitter_card":"summary_large_image","twitter_misc":{"Tiempo de lectura":"5 minutos"},"schema":{"@context":"https:\/\/schema.org","@graph":[{"@type":"WebPage","@id":"https:\/\/hortadelpilar.com\/es\/aviso-legal\/","url":"https:\/\/hortadelpilar.com\/es\/aviso-legal\/","name":"Nota legal - Horta del Pilar","isPartOf":{"@id":"https:\/\/hortadelpilar.com\/#website"},"datePublished":"2025-07-31T10:42:00+00:00","dateModified":"2025-10-08T06:46:27+00:00","breadcrumb":{"@id":"https:\/\/hortadelpilar.com\/es\/aviso-legal\/#breadcrumb"},"inLanguage":"es","potentialAction":[{"@type":"ReadAction","target":["https:\/\/hortadelpilar.com\/es\/aviso-legal\/"]}]},{"@type":"BreadcrumbList","@id":"https:\/\/hortadelpilar.com\/es\/aviso-legal\/#breadcrumb","itemListElement":[{"@type":"ListItem","position":1,"name":"Home","item":"https:\/\/hortadelpilar.com\/es\/inicio\/"},{"@type":"ListItem","position":2,"name":"Nota legal"}]},{"@type":"WebSite","@id":"https:\/\/hortadelpilar.com\/#website","url":"https:\/\/hortadelpilar.com\/","name":"Villa Horta del Pilar","description":"Villa de ensue\u00f1o para grupos grandes en la costa de Barcelona.","publisher":{"@id":"https:\/\/hortadelpilar.com\/#organization"},"potentialAction":[{"@type":"SearchAction","target":{"@type":"EntryPoint","urlTemplate":"https:\/\/hortadelpilar.com\/?s={search_term_string}"},"query-input":{"@type":"PropertyValueSpecification","valueRequired":true,"valueName":"search_term_string"}}],"inLanguage":"es"},{"@type":"Organization","@id":"https:\/\/hortadelpilar.com\/#organization","name":"Horta del Pilar","alternateName":"Villa de ensue\u00f1o para grupos grandes en la costa de Barcelona.","url":"https:\/\/hortadelpilar.com\/","logo":{"@type":"ImageObject","inLanguage":"es","@id":"https:\/\/hortadelpilar.com\/#\/schema\/logo\/image\/","url":"https:\/\/hortadelpilar.com\/wp-content\/uploads\/2025\/02\/HdP_logo_ok.svg","contentUrl":"https:\/\/hortadelpilar.com\/wp-content\/uploads\/2025\/02\/HdP_logo_ok.svg","caption":"Horta del Pilar"},"image":{"@id":"https:\/\/hortadelpilar.com\/#\/schema\/logo\/image\/"}}]}},"_links":{"self":[{"href":"https:\/\/hortadelpilar.com\/es\/wp-json\/wp\/v2\/pages\/1310","targetHints":{"allow":["GET"]}}],"collection":[{"href":"https:\/\/hortadelpilar.com\/es\/wp-json\/wp\/v2\/pages"}],"about":[{"href":"https:\/\/hortadelpilar.com\/es\/wp-json\/wp\/v2\/types\/page"}],"author":[{"embeddable":true,"href":"https:\/\/hortadelpilar.com\/es\/wp-json\/wp\/v2\/users\/2"}],"replies":[{"embeddable":true,"href":"https:\/\/hortadelpilar.com\/es\/wp-json\/wp\/v2\/comments?post=1310"}],"version-history":[{"count":3,"href":"https:\/\/hortadelpilar.com\/es\/wp-json\/wp\/v2\/pages\/1310\/revisions"}],"predecessor-version":[{"id":1394,"href":"https:\/\/hortadelpilar.com\/es\/wp-json\/wp\/v2\/pages\/1310\/revisions\/1394"}],"wp:attachment":[{"href":"https:\/\/hortadelpilar.com\/es\/wp-json\/wp\/v2\/media?parent=1310"}],"curies":[{"name":"wp","href":"https:\/\/api.w.org\/{rel}","templated":true}]}}