{"id":1276,"date":"2025-07-31T10:42:00","date_gmt":"2025-07-31T10:42:00","guid":{"rendered":"https:\/\/hortadelpilar.com\/?page_id=1276"},"modified":"2025-10-08T06:45:48","modified_gmt":"2025-10-08T06:45:48","slug":"avis-legal","status":"publish","type":"page","link":"https:\/\/hortadelpilar.com\/ca\/avis-legal\/","title":{"rendered":"Nota legal"},"content":{"rendered":"\n<p><strong>En compliment de la LSSI:<\/strong><\/p>\n\n<p>Llei 34\/2002, d&#8217;11 de juliol, de Serveis de la Societat de la Informaci\u00f3 i de Comer\u00e7 Electr\u00f2nic (LSSI). Vost\u00e8, d&#8217;ara endavant \u201cusuari\u201d, est\u00e0 navegant pel domini www.sunrentbarcelona.com, propietat de Jaume Soler Meseguer, d&#8217;ara endavant \u201cTitular\u201d, amb domicili a Arenys de Munt, Barcelona. <\/p>\n\n<p>La utilitzaci\u00f3 del web per part de l&#8217;usuari implica l&#8217;acceptaci\u00f3 plena i sense reserves de totes i cadascuna de les disposicions incloses en aquest Av\u00eds Legal.<br\/>\n  <strong>\n    <br\/>Condicions d&#8217;\u00das:\n  <\/strong>\n<\/p>\n\n<p>1. El titular no es responsabilitza de la qualitat de la navegaci\u00f3 ni de la velocitat d&#8217;acc\u00e9s. Tot usuari que accedeixi a aquest lloc web es compromet a fer-ho d&#8217;acord amb la llei, la moral i l&#8217;ordre p\u00fablic, pel que fa a l&#8217;acc\u00e9s i la navegaci\u00f3. <\/p>\n\n<p>2. Es prohibeix la introducci\u00f3 de virus que puguin perjudicar aquest lloc web en si mateix o a tercers. La navegaci\u00f3 realitzada per l&#8217;usuari estar\u00e0 sota la seva responsabilitat. De la mateixa manera, es prohibeix l&#8217;enviament i\/o la transmissi\u00f3 de qualsevol tipus de material violent, amena\u00e7ador, difamatori, obsc\u00e8, abusiu, il\u00b7legal, racial, xen\u00f2fob, pornogr\u00e0fic o de qualsevol manera ofensiu que constitueixi o fomenti conductes que puguin ser contr\u00e0ries a les lleis vigents.  <\/p>\n\n<p>3. El titular ha pres totes les precaucions per evitar la propagaci\u00f3 de virus inform\u00e0tics. Tot i aix\u00ed, es recomana que el receptor de tot missatge inform\u00e0tic realitzi els seus propis controls. El titular no acceptar\u00e0 cap responsabilitat per danys que es puguin patir per aquests factors.  <\/p>\n\n<p>4. La responsabilitat de l&#8217;\u00fas de la informaci\u00f3 continguda en aquest lloc web \u00e9s de l&#8217;usuari. El titular no ser\u00e0 responsable dels danys i perjudicis produ\u00efts o que puguin produir-se, sigui quina sigui la seva naturalesa, que es derivin de l&#8217;\u00fas de la informaci\u00f3, de les mat\u00e8ries contingudes en aquest lloc web i dels programes que incorpora. Els enlla\u00e7os (links) i hipertext que possibilitin, a trav\u00e9s d&#8217;aquest lloc web, accedir a l&#8217;usuari a prestacions i serveis oferts per tercers, no pertanyen ni es troben sota el control del titular.  <\/p>\n\n<p>5. El titular es compromet a no remetre comunicacions publicit\u00e0ries o promocionals per correu electr\u00f2nic o un altre mitj\u00e0 de comunicaci\u00f3 electr\u00f2nica equivalent sense identificar-les com a comunicaci\u00f3 comercial i sense que pr\u00e8viament no haguessin estat sol\u00b7licitades o expressament autoritzades pels destinataris d&#8217;aquestes. A aquests efectes no ser\u00e0 considerada com a comunicaci\u00f3 comercial tota la informaci\u00f3 que s&#8217;envi\u00ef als clients del titular sempre que tingui per finalitat el manteniment de la relaci\u00f3 contractual existent, aix\u00ed com l&#8217;acompliment de les tasques d&#8217;informaci\u00f3, formaci\u00f3 i altres activitats pr\u00f2pies del servei que el client t\u00e9 contractat amb l&#8217;empresa. <\/p>\n\n<p>6. El titular podr\u00e0 modificar, sense previ av\u00eds, la informaci\u00f3 continguda en aquest lloc web, aix\u00ed com la seva configuraci\u00f3 i presentaci\u00f3.<br\/>\n  <strong>\n    <br\/>Galetes:\n  <\/strong>\n<\/p>\n\n<p>El titular declara expressament que en cap cas s&#8217;utilitzen galetes per recollir dades personals identificatives de l&#8217;usuari. L&#8217;\u00fas de galetes es reserva exclusivament per facilitar a l&#8217;usuari accessibilitat al lloc web (prefer\u00e8ncies i pautes de navegaci\u00f3 de l&#8217;usuari). L&#8217;\u00fas de galetes de sessi\u00f3, si escau, \u00fanicament es limitar\u00e0 a recollir informaci\u00f3 t\u00e8cnica per identificar la sessi\u00f3 amb la finalitat de facilitar l&#8217;exploraci\u00f3 segura i eficient del lloc web.  <br\/><strong><br\/>Propietat intel\u00b7lectual:<\/strong><\/p>\n\n<p>El titular no permet, ni totalment ni parcialment, la reproducci\u00f3, publicaci\u00f3, divulgaci\u00f3, tractament inform\u00e0tic, distribuci\u00f3, difusi\u00f3, modificaci\u00f3, \u00fas comercial, transformaci\u00f3 o descompilaci\u00f3 en qualsevol suport o format, de cap dels elements d&#8217;aquest lloc web sense el seu perm\u00eds previ i per escrit. L&#8217;usuari, \u00fanica i exclusivament, pot utilitzar el material que aparegui en aquest lloc web per al seu \u00fas personal i privat, quedant prohibit el seu \u00fas amb qualsevol altra finalitat i sota l&#8217;aplicaci\u00f3 de les condicions d&#8217;\u00fas descrites en aquest av\u00eds legal. <\/p>\n\n<p>Els noms comercials, marques, logotips o signes distintius de qualsevol naturalesa que apareguin en aquest lloc web estan protegits pels drets de propietat intel\u00b7lectual i industrial dels seus titulars.<br\/>\n  <strong>\n    <br\/>Cl\u00e0usula en mat\u00e8ria de Protecci\u00f3 de Dades i Seguretat Inform\u00e0tica:\n  <\/strong>\n<\/p>\n\n<p>Les dades de car\u00e0cter personal que Vost\u00e8 facilita al titular a trav\u00e9s de la www.sunrentbarcelona.com es tractaran en fitxers propietat del titular, informant-lo en cada cas de la finalitat de la recollida de dades de car\u00e0cter personal. El titular l&#8217;informa que podr\u00e0 exercir els seus drets d&#8217;acc\u00e9s, rectificaci\u00f3, cancel\u00b7laci\u00f3 i oposici\u00f3, conferits per la normativa vigent en la mat\u00e8ria, remetent un escrit a la seg\u00fcent adre\u00e7a: Rial Pascual n27 baixos 5a, Arenys de Munt 08358 Barcelona, o enviant un correu electr\u00f2nic a info@sunrentbarcelona.com  <\/p>\n\n<p>Pel que fa a la seguretat en el tractament de les seves dades personals, aquestes seran tractades amb total confidencialitat pel titular. Les mesures de seguretat adoptades s\u00f3n les adequades a les dades que l&#8217;usuari li facilita, de conformitat amb el que preveu l&#8217;article 9 de la Llei Org\u00e0nica 15\/1999, de 13 de desembre, de Protecci\u00f3 de Dades de car\u00e0cter personal. Concretament, s&#8217;han adoptat les mesures de seguretat corresponents al nivell b\u00e0sic de seguretat d&#8217;acord amb el T\u00edtol VIII del Decret 1720\/2007, de 21 de desembre, pel qual s&#8217;aprova el Reglament de desenvolupament de la LOPD.  <br\/><strong><br\/>Llei aplicable i jurisdicci\u00f3:<\/strong><\/p>\n\n<p>La llei aplicable a les presents Condicions Generals ser\u00e0 la Llei Espanyola. Aix\u00ed mateix, per a qualsevol diverg\u00e8ncia sorgida ambdues parts se sotmeten expressament als Jutjats i Tribunals de la ciutat de Barcelona amb ren\u00fancia al seu propi fur si aquest fos un altre. <\/p>\n\n<p>Rial de la Serp, s\/n &#8211; Apart. Correus 78 &#8211; 08350 Arenys de Mar (Bcn) \u00b7 <a href=\"tel:+34648003152\">+34 648 00 31 52<\/a> \u00b7 <a href=\"mailto:info@sunrentbarcelona.com\">info@sunrentbarcelona.com<\/a> \u00b7 <a href=\"http:\/\/www.sunrentbarcelona.com\/paginas\" target=\"_blank\" rel=\"noreferrer noopener\">P\u00e0gines<\/a> \u00b7 <a href=\"http:\/\/www.sunrentbarcelona.com\/aviso-legal\" target=\"_blank\" rel=\"noreferrer noopener\">Av\u00eds Legal<\/a> \u00b7 <a href=\"http:\/\/www.sunrentbarcelona.com\/politica-de-cookies\" target=\"_blank\" rel=\"noreferrer noopener\">Galetes<\/a> \u00b7 <a href=\"https:\/\/www.asnetmarketing.es\/diseno-web\" target=\"_blank\" rel=\"noreferrer noopener\">Design by Asnet Marketing<\/a> <\/p>\n","protected":false},"excerpt":{"rendered":"<p>En compliment de la LSSI: Llei 34\/2002, d&#8217;11 de juliol, de Serveis de la Societat de la Informaci\u00f3 i de Comer\u00e7 Electr\u00f2nic (LSSI). Vost\u00e8, d&#8217;ara endavant \u201cusuari\u201d, est\u00e0 navegant pel domini www.sunrentbarcelona.com, propietat de Jaume Soler Meseguer, d&#8217;ara endavant \u201cTitular\u201d, amb domicili a Arenys de Munt, Barcelona. La utilitzaci\u00f3 del web per part de l&#8217;usuari [&hellip;]<\/p>\n","protected":false},"author":2,"featured_media":0,"parent":0,"menu_order":0,"comment_status":"closed","ping_status":"closed","template":"","meta":{"footnotes":""},"class_list":["post-1276","page","type-page","status-publish","hentry"],"yoast_head":"<!-- This site is optimized with the Yoast SEO plugin v27.3 - https:\/\/yoast.com\/product\/yoast-seo-wordpress\/ -->\n<title>Nota legal - Horta del Pilar<\/title>\n<meta name=\"robots\" content=\"index, follow, max-snippet:-1, max-image-preview:large, max-video-preview:-1\" \/>\n<link rel=\"canonical\" href=\"https:\/\/hortadelpilar.com\/ca\/avis-legal\/\" \/>\n<meta property=\"og:locale\" content=\"ca_ES\" \/>\n<meta property=\"og:type\" content=\"article\" \/>\n<meta property=\"og:title\" content=\"Nota legal - Horta del Pilar\" \/>\n<meta property=\"og:description\" content=\"En compliment de la LSSI: Llei 34\/2002, d&#8217;11 de juliol, de Serveis de la Societat de la Informaci\u00f3 i de Comer\u00e7 Electr\u00f2nic (LSSI). Vost\u00e8, d&#8217;ara endavant \u201cusuari\u201d, est\u00e0 navegant pel domini www.sunrentbarcelona.com, propietat de Jaume Soler Meseguer, d&#8217;ara endavant \u201cTitular\u201d, amb domicili a Arenys de Munt, Barcelona. La utilitzaci\u00f3 del web per part de l&#8217;usuari [&hellip;]\" \/>\n<meta property=\"og:url\" content=\"https:\/\/hortadelpilar.com\/ca\/avis-legal\/\" \/>\n<meta property=\"og:site_name\" content=\"Horta del Pilar\" \/>\n<meta property=\"article:modified_time\" content=\"2025-10-08T06:45:48+00:00\" \/>\n<meta property=\"og:image\" content=\"https:\/\/hortadelpilar.com\/wp-content\/uploads\/2025\/11\/1-scaled-e1762367888345.jpg\" \/>\n\t<meta property=\"og:image:width\" content=\"2556\" \/>\n\t<meta property=\"og:image:height\" content=\"1408\" \/>\n\t<meta property=\"og:image:type\" content=\"image\/jpeg\" \/>\n<meta name=\"twitter:card\" content=\"summary_large_image\" \/>\n<meta name=\"twitter:label1\" content=\"Temps estimat de lectura\" \/>\n\t<meta name=\"twitter:data1\" content=\"5 minuts\" \/>\n<script type=\"application\/ld+json\" class=\"yoast-schema-graph\">{\"@context\":\"https:\\\/\\\/schema.org\",\"@graph\":[{\"@type\":\"WebPage\",\"@id\":\"https:\\\/\\\/hortadelpilar.com\\\/ca\\\/avis-legal\\\/\",\"url\":\"https:\\\/\\\/hortadelpilar.com\\\/ca\\\/avis-legal\\\/\",\"name\":\"Nota legal - Horta del Pilar\",\"isPartOf\":{\"@id\":\"https:\\\/\\\/hortadelpilar.com\\\/#website\"},\"datePublished\":\"2025-07-31T10:42:00+00:00\",\"dateModified\":\"2025-10-08T06:45:48+00:00\",\"breadcrumb\":{\"@id\":\"https:\\\/\\\/hortadelpilar.com\\\/ca\\\/avis-legal\\\/#breadcrumb\"},\"inLanguage\":\"ca\",\"potentialAction\":[{\"@type\":\"ReadAction\",\"target\":[\"https:\\\/\\\/hortadelpilar.com\\\/ca\\\/avis-legal\\\/\"]}]},{\"@type\":\"BreadcrumbList\",\"@id\":\"https:\\\/\\\/hortadelpilar.com\\\/ca\\\/avis-legal\\\/#breadcrumb\",\"itemListElement\":[{\"@type\":\"ListItem\",\"position\":1,\"name\":\"Home\",\"item\":\"https:\\\/\\\/hortadelpilar.com\\\/ca\\\/inici\\\/\"},{\"@type\":\"ListItem\",\"position\":2,\"name\":\"Nota legal\"}]},{\"@type\":\"WebSite\",\"@id\":\"https:\\\/\\\/hortadelpilar.com\\\/#website\",\"url\":\"https:\\\/\\\/hortadelpilar.com\\\/\",\"name\":\"Villa Horta del Pilar\",\"description\":\"Villa de ensue\u00f1o para grupos grandes en la costa de Barcelona.\",\"publisher\":{\"@id\":\"https:\\\/\\\/hortadelpilar.com\\\/#organization\"},\"potentialAction\":[{\"@type\":\"SearchAction\",\"target\":{\"@type\":\"EntryPoint\",\"urlTemplate\":\"https:\\\/\\\/hortadelpilar.com\\\/?s={search_term_string}\"},\"query-input\":{\"@type\":\"PropertyValueSpecification\",\"valueRequired\":true,\"valueName\":\"search_term_string\"}}],\"inLanguage\":\"ca\"},{\"@type\":\"Organization\",\"@id\":\"https:\\\/\\\/hortadelpilar.com\\\/#organization\",\"name\":\"Horta del Pilar\",\"alternateName\":\"Villa de ensue\u00f1o para grupos grandes en la costa de Barcelona.\",\"url\":\"https:\\\/\\\/hortadelpilar.com\\\/\",\"logo\":{\"@type\":\"ImageObject\",\"inLanguage\":\"ca\",\"@id\":\"https:\\\/\\\/hortadelpilar.com\\\/#\\\/schema\\\/logo\\\/image\\\/\",\"url\":\"https:\\\/\\\/hortadelpilar.com\\\/wp-content\\\/uploads\\\/2025\\\/02\\\/HdP_logo_ok.svg\",\"contentUrl\":\"https:\\\/\\\/hortadelpilar.com\\\/wp-content\\\/uploads\\\/2025\\\/02\\\/HdP_logo_ok.svg\",\"caption\":\"Horta del Pilar\"},\"image\":{\"@id\":\"https:\\\/\\\/hortadelpilar.com\\\/#\\\/schema\\\/logo\\\/image\\\/\"}}]}<\/script>\n<!-- \/ Yoast SEO plugin. -->","yoast_head_json":{"title":"Nota legal - Horta del Pilar","robots":{"index":"index","follow":"follow","max-snippet":"max-snippet:-1","max-image-preview":"max-image-preview:large","max-video-preview":"max-video-preview:-1"},"canonical":"https:\/\/hortadelpilar.com\/ca\/avis-legal\/","og_locale":"ca_ES","og_type":"article","og_title":"Nota legal - Horta del Pilar","og_description":"En compliment de la LSSI: Llei 34\/2002, d&#8217;11 de juliol, de Serveis de la Societat de la Informaci\u00f3 i de Comer\u00e7 Electr\u00f2nic (LSSI). Vost\u00e8, d&#8217;ara endavant \u201cusuari\u201d, est\u00e0 navegant pel domini www.sunrentbarcelona.com, propietat de Jaume Soler Meseguer, d&#8217;ara endavant \u201cTitular\u201d, amb domicili a Arenys de Munt, Barcelona. La utilitzaci\u00f3 del web per part de l&#8217;usuari [&hellip;]","og_url":"https:\/\/hortadelpilar.com\/ca\/avis-legal\/","og_site_name":"Horta del Pilar","article_modified_time":"2025-10-08T06:45:48+00:00","og_image":[{"width":2556,"height":1408,"url":"https:\/\/hortadelpilar.com\/wp-content\/uploads\/2025\/11\/1-scaled-e1762367888345.jpg","type":"image\/jpeg"}],"twitter_card":"summary_large_image","twitter_misc":{"Temps estimat de lectura":"5 minuts"},"schema":{"@context":"https:\/\/schema.org","@graph":[{"@type":"WebPage","@id":"https:\/\/hortadelpilar.com\/ca\/avis-legal\/","url":"https:\/\/hortadelpilar.com\/ca\/avis-legal\/","name":"Nota legal - Horta del Pilar","isPartOf":{"@id":"https:\/\/hortadelpilar.com\/#website"},"datePublished":"2025-07-31T10:42:00+00:00","dateModified":"2025-10-08T06:45:48+00:00","breadcrumb":{"@id":"https:\/\/hortadelpilar.com\/ca\/avis-legal\/#breadcrumb"},"inLanguage":"ca","potentialAction":[{"@type":"ReadAction","target":["https:\/\/hortadelpilar.com\/ca\/avis-legal\/"]}]},{"@type":"BreadcrumbList","@id":"https:\/\/hortadelpilar.com\/ca\/avis-legal\/#breadcrumb","itemListElement":[{"@type":"ListItem","position":1,"name":"Home","item":"https:\/\/hortadelpilar.com\/ca\/inici\/"},{"@type":"ListItem","position":2,"name":"Nota legal"}]},{"@type":"WebSite","@id":"https:\/\/hortadelpilar.com\/#website","url":"https:\/\/hortadelpilar.com\/","name":"Villa Horta del Pilar","description":"Villa de ensue\u00f1o para grupos grandes en la costa de Barcelona.","publisher":{"@id":"https:\/\/hortadelpilar.com\/#organization"},"potentialAction":[{"@type":"SearchAction","target":{"@type":"EntryPoint","urlTemplate":"https:\/\/hortadelpilar.com\/?s={search_term_string}"},"query-input":{"@type":"PropertyValueSpecification","valueRequired":true,"valueName":"search_term_string"}}],"inLanguage":"ca"},{"@type":"Organization","@id":"https:\/\/hortadelpilar.com\/#organization","name":"Horta del Pilar","alternateName":"Villa de ensue\u00f1o para grupos grandes en la costa de Barcelona.","url":"https:\/\/hortadelpilar.com\/","logo":{"@type":"ImageObject","inLanguage":"ca","@id":"https:\/\/hortadelpilar.com\/#\/schema\/logo\/image\/","url":"https:\/\/hortadelpilar.com\/wp-content\/uploads\/2025\/02\/HdP_logo_ok.svg","contentUrl":"https:\/\/hortadelpilar.com\/wp-content\/uploads\/2025\/02\/HdP_logo_ok.svg","caption":"Horta del Pilar"},"image":{"@id":"https:\/\/hortadelpilar.com\/#\/schema\/logo\/image\/"}}]}},"_links":{"self":[{"href":"https:\/\/hortadelpilar.com\/ca\/wp-json\/wp\/v2\/pages\/1276","targetHints":{"allow":["GET"]}}],"collection":[{"href":"https:\/\/hortadelpilar.com\/ca\/wp-json\/wp\/v2\/pages"}],"about":[{"href":"https:\/\/hortadelpilar.com\/ca\/wp-json\/wp\/v2\/types\/page"}],"author":[{"embeddable":true,"href":"https:\/\/hortadelpilar.com\/ca\/wp-json\/wp\/v2\/users\/2"}],"replies":[{"embeddable":true,"href":"https:\/\/hortadelpilar.com\/ca\/wp-json\/wp\/v2\/comments?post=1276"}],"version-history":[{"count":3,"href":"https:\/\/hortadelpilar.com\/ca\/wp-json\/wp\/v2\/pages\/1276\/revisions"}],"predecessor-version":[{"id":1357,"href":"https:\/\/hortadelpilar.com\/ca\/wp-json\/wp\/v2\/pages\/1276\/revisions\/1357"}],"wp:attachment":[{"href":"https:\/\/hortadelpilar.com\/ca\/wp-json\/wp\/v2\/media?parent=1276"}],"curies":[{"name":"wp","href":"https:\/\/api.w.org\/{rel}","templated":true}]}}